{"id":6051,"date":"2024-08-21T08:24:40","date_gmt":"2024-08-21T08:24:40","guid":{"rendered":"https:\/\/apptruck.fr\/?page_id=6051"},"modified":"2025-03-13T18:28:10","modified_gmt":"2025-03-13T18:28:10","slug":"fonctionnalites","status":"publish","type":"page","link":"http:\/\/apptruck.fr\/en\/fonctionnalites\/","title":{"rendered":"Features"},"content":{"rendered":"<div data-elementor-type=\"wp-page\" data-elementor-id=\"6051\" class=\"elementor elementor-6051\" data-elementor-post-type=\"page\">\n\t\t\t\t<div class=\"elementor-element elementor-element-6a6560f0 e-flex e-con-boxed e-con e-parent\" data-id=\"6a6560f0\" data-element_type=\"container\" data-settings=\"{&quot;background_background&quot;:&quot;classic&quot;}\">\n\t\t\t\t\t<div class=\"e-con-inner\">\n\t\t\t\t<div class=\"elementor-element elementor-element-28438d86 elementor-invisible elementor-widget elementor-widget-heading\" data-id=\"28438d86\" data-element_type=\"widget\" data-settings=\"{&quot;_animation&quot;:&quot;fadeInUp&quot;}\" data-widget_type=\"heading.default\">\n\t\t\t\t<div class=\"elementor-widget-container\">\n\t\t\t<h1 class=\"elementor-heading-title elementor-size-default\">Features<\/h1>\t\t<\/div>\n\t\t\t\t<\/div>\n\t\t\t\t\t<\/div>\n\t\t\t\t<\/div>\n\t\t<div class=\"elementor-element elementor-element-5d398ed3 e-flex e-con-boxed e-con e-parent\" data-id=\"5d398ed3\" data-element_type=\"container\">\n\t\t\t\t\t<div class=\"e-con-inner\">\n\t\t<div class=\"elementor-element elementor-element-6d059536 e-flex e-con-boxed e-con e-child\" data-id=\"6d059536\" data-element_type=\"container\">\n\t\t\t\t\t<div class=\"e-con-inner\">\n\t\t<div class=\"elementor-element elementor-element-38966ace e-flex e-con-boxed e-con e-child\" data-id=\"38966ace\" data-element_type=\"container\">\n\t\t\t\t\t<div class=\"e-con-inner\">\n\t\t\t\t<div class=\"elementor-element elementor-element-7f469b68 ekit-equal-height-enable elementor-invisible elementor-widget elementor-widget-elementskit-icon-box\" data-id=\"7f469b68\" data-element_type=\"widget\" data-settings=\"{&quot;_animation&quot;:&quot;fadeInUp&quot;}\" data-widget_type=\"elementskit-icon-box.default\">\n\t\t\t\t<div class=\"elementor-widget-container\">\n\t\t\t<div class=\"ekit-wid-con\" >        <!-- link opening -->\n                <!-- end link opening -->\n\n        <div class=\"elementskit-infobox text-left text-left icon-top-align elementor-animation-\">\n                    <div class=\"elementskit-box-header elementor-animation-\">\n                <div class=\"elementskit-info-box-icon\">\n                    <i aria-hidden=\"true\" class=\"elementkit-infobox-icon icon icon-location\"><\/i>\n                <\/div>\n          <\/div>\n                        <div class=\"box-body\">\n                            <h5 class=\"elementskit-info-box-title\">\n                    Geolocation                <\/h5>\n                        \t\t  <p>The geolocation feature is designed to maximize the visibility of your food truck. With this technology, your customers always know where you are in real-time. Once activated, your location is automatically shared on the app.<\/p>\n                                <\/div>\n        \n        \n                <\/div>\n        <\/div>\t\t<\/div>\n\t\t\t\t<\/div>\n\t\t\t\t\t<\/div>\n\t\t\t\t<\/div>\n\t\t<div class=\"elementor-element elementor-element-e00656b e-con-full e-flex e-con e-child\" data-id=\"e00656b\" data-element_type=\"container\">\n\t\t\t\t<div class=\"elementor-element elementor-element-7052b0c ekit-equal-height-enable elementor-invisible elementor-widget elementor-widget-elementskit-icon-box\" data-id=\"7052b0c\" data-element_type=\"widget\" data-settings=\"{&quot;_animation&quot;:&quot;fadeInUp&quot;}\" data-widget_type=\"elementskit-icon-box.default\">\n\t\t\t\t<div class=\"elementor-widget-container\">\n\t\t\t<div class=\"ekit-wid-con\" >        <!-- link opening -->\n                <!-- end link opening -->\n\n        <div class=\"elementskit-infobox text-left text-left icon-top-align elementor-animation-\">\n                    <div class=\"elementskit-box-header elementor-animation-\">\n                <div class=\"elementskit-info-box-icon\">\n                    <i aria-hidden=\"true\" class=\"elementkit-infobox-icon icon icon-smartphone\"><\/i>\n                <\/div>\n          <\/div>\n                        <div class=\"box-body\">\n                            <h5 class=\"elementskit-info-box-title\">\n                    Push notifications                <\/h5>\n                        \t\t  <p>The push notification feature of Apptruck keeps your customers informed in real-time. With just a click, send instant alerts to announce your location or notify them of your opening.<\/p>\n                                <\/div>\n        \n        \n                <\/div>\n        <\/div>\t\t<\/div>\n\t\t\t\t<\/div>\n\t\t\t\t<\/div>\n\t\t<div class=\"elementor-element elementor-element-0ac8fde e-con-full e-flex e-con e-child\" data-id=\"0ac8fde\" data-element_type=\"container\">\n\t\t\t\t<div class=\"elementor-element elementor-element-3617385 ekit-equal-height-enable elementor-invisible elementor-widget elementor-widget-elementskit-icon-box\" data-id=\"3617385\" data-element_type=\"widget\" data-settings=\"{&quot;_animation&quot;:&quot;fadeInUp&quot;}\" data-widget_type=\"elementskit-icon-box.default\">\n\t\t\t\t<div class=\"elementor-widget-container\">\n\t\t\t<div class=\"ekit-wid-con\" >        <!-- link opening -->\n                <!-- end link opening -->\n\n        <div class=\"elementskit-infobox text-left text-left icon-top-align elementor-animation-\">\n                    <div class=\"elementskit-box-header elementor-animation-\">\n                <div class=\"elementskit-info-box-icon\">\n                    <i aria-hidden=\"true\" class=\"elementkit-infobox-icon icon icon-truck-1\"><\/i>\n                <\/div>\n          <\/div>\n                        <div class=\"box-body\">\n                            <h5 class=\"elementskit-info-box-title\">\n                    Multi-food truck                <\/h5>\n                        \t\t  <p>With Apptruck, you can create multiple shops with just one click. Simplify the management of your business and boost your visibility with this quick and convenient feature.<\/p>\n                                <\/div>\n        \n        \n                <\/div>\n        <\/div>\t\t<\/div>\n\t\t\t\t<\/div>\n\t\t\t\t<\/div>\n\t\t\t\t\t<\/div>\n\t\t\t\t<\/div>\n\t\t<div class=\"elementor-element elementor-element-b955ec7 e-con-full e-flex e-con e-child\" data-id=\"b955ec7\" data-element_type=\"container\">\n\t\t<div class=\"elementor-element elementor-element-b33819c e-con-full e-flex e-con e-child\" data-id=\"b33819c\" data-element_type=\"container\">\n\t\t\t\t<div class=\"elementor-element elementor-element-f42b89f ekit-equal-height-enable elementor-invisible elementor-widget elementor-widget-elementskit-icon-box\" data-id=\"f42b89f\" data-element_type=\"widget\" data-settings=\"{&quot;_animation&quot;:&quot;fadeInUp&quot;}\" data-widget_type=\"elementskit-icon-box.default\">\n\t\t\t\t<div class=\"elementor-widget-container\">\n\t\t\t<div class=\"ekit-wid-con\" >        <!-- link opening -->\n                <!-- end link opening -->\n\n        <div class=\"elementskit-infobox text-left text-left icon-top-align elementor-animation-\">\n                    <div class=\"elementskit-box-header elementor-animation-\">\n                <div class=\"elementskit-info-box-icon\">\n                    <i aria-hidden=\"true\" class=\"elementkit-infobox-icon icon icon-picture\"><\/i>\n                <\/div>\n          <\/div>\n                        <div class=\"box-body\">\n                            <h5 class=\"elementskit-info-box-title\">\n                    Photos and Menus                <\/h5>\n                        \t\t  <p>Customizing your shop and adding a menu has never been easier! With AppTruck, effortlessly change the appearance of your space, add photos, and update your menus with just a few clicks. <\/p>\n                                <\/div>\n        \n        \n                <\/div>\n        <\/div>\t\t<\/div>\n\t\t\t\t<\/div>\n\t\t\t\t<\/div>\n\t\t<div class=\"elementor-element elementor-element-fe107d4 e-con-full e-flex e-con e-child\" data-id=\"fe107d4\" data-element_type=\"container\">\n\t\t\t\t<div class=\"elementor-element elementor-element-75a2c7f ekit-equal-height-enable elementor-invisible elementor-widget elementor-widget-elementskit-icon-box\" data-id=\"75a2c7f\" data-element_type=\"widget\" data-settings=\"{&quot;_animation&quot;:&quot;fadeInUp&quot;}\" data-widget_type=\"elementskit-icon-box.default\">\n\t\t\t\t<div class=\"elementor-widget-container\">\n\t\t\t<div class=\"ekit-wid-con\" >        <!-- link opening -->\n                <!-- end link opening -->\n\n        <div class=\"elementskit-infobox text-left text-left icon-top-align elementor-animation-\">\n                    <div class=\"elementskit-box-header elementor-animation-\">\n                <div class=\"elementskit-info-box-icon\">\n                    <i aria-hidden=\"true\" class=\"elementkit-infobox-icon icon icon-placeholder\"><\/i>\n                <\/div>\n          <\/div>\n                        <div class=\"box-body\">\n                            <h5 class=\"elementskit-info-box-title\">\n                    Regular Location                <\/h5>\n                        \t\t  <p>The app allows you to easily indicate your regular locations. Simplify route management and enhance your visibility while staying connected with your customers.<\/p>\n                                <\/div>\n        \n        \n                <\/div>\n        <\/div>\t\t<\/div>\n\t\t\t\t<\/div>\n\t\t\t\t<\/div>\n\t\t<div class=\"elementor-element elementor-element-58203aa e-con-full e-flex e-con e-child\" data-id=\"58203aa\" data-element_type=\"container\">\n\t\t\t\t<div class=\"elementor-element elementor-element-8a8c409 ekit-equal-height-enable elementor-invisible elementor-widget elementor-widget-elementskit-icon-box\" data-id=\"8a8c409\" data-element_type=\"widget\" data-settings=\"{&quot;_animation&quot;:&quot;fadeInUp&quot;}\" data-widget_type=\"elementskit-icon-box.default\">\n\t\t\t\t<div class=\"elementor-widget-container\">\n\t\t\t<div class=\"ekit-wid-con\" >        <!-- link opening -->\n                <!-- end link opening -->\n\n        <div class=\"elementskit-infobox text-left text-left icon-top-align elementor-animation-\">\n                    <div class=\"elementskit-box-header elementor-animation-\">\n                <div class=\"elementskit-info-box-icon\">\n                    <i aria-hidden=\"true\" class=\"elementkit-infobox-icon icon icon-id-card1\"><\/i>\n                <\/div>\n          <\/div>\n                        <div class=\"box-body\">\n                            <h5 class=\"elementskit-info-box-title\">\n                    Loyalty card                <\/h5>\n                        \t\t  <p>Our digital loyalty card offers a simple and modern solution to reward your customers. With a QR code to scan, each visit is instantly recorded. <\/p>\n                                <\/div>\n        \n        \n                <\/div>\n        <\/div>\t\t<\/div>\n\t\t\t\t<\/div>\n\t\t\t\t<\/div>\n\t\t\t\t<\/div>\n\t\t\t\t\t<\/div>\n\t\t\t\t<\/div>\n\t\t<div class=\"elementor-element elementor-element-54482007 e-flex e-con-boxed e-con e-parent\" data-id=\"54482007\" data-element_type=\"container\">\n\t\t\t\t\t<div class=\"e-con-inner\">\n\t\t<div class=\"elementor-element elementor-element-7d9182a7 e-flex e-con-boxed e-con e-child\" data-id=\"7d9182a7\" data-element_type=\"container\" data-settings=\"{&quot;background_background&quot;:&quot;classic&quot;}\">\n\t\t\t\t\t<div class=\"e-con-inner\">\n\t\t\t\t<div class=\"elementor-element elementor-element-7ce3f6c1 elementor-invisible elementor-widget elementor-widget-heading\" data-id=\"7ce3f6c1\" data-element_type=\"widget\" data-settings=\"{&quot;_animation&quot;:&quot;fadeInUp&quot;}\" data-widget_type=\"heading.default\">\n\t\t\t\t<div class=\"elementor-widget-container\">\n\t\t\t<h2 class=\"elementor-heading-title elementor-size-default\">The 100% free, fully automated app that activates with just one click.<\/h2>\t\t<\/div>\n\t\t\t\t<\/div>\n\t\t\t\t<div class=\"elementor-element elementor-element-19219c3b elementor-align-center elementor-hidden-widescreen elementor-hidden-desktop elementor-hidden-tablet elementor-hidden-mobile elementor-invisible elementor-widget elementor-widget-button\" data-id=\"19219c3b\" data-element_type=\"widget\" data-settings=\"{&quot;_animation&quot;:&quot;fadeInUp&quot;}\" data-widget_type=\"button.default\">\n\t\t\t\t<div class=\"elementor-widget-container\">\n\t\t\t\t\t<div class=\"elementor-button-wrapper\">\n\t\t\t<a class=\"elementor-button elementor-button-link elementor-size-sm\" href=\"#\">\n\t\t\t\t\t\t<span class=\"elementor-button-content-wrapper\">\n\t\t\t\t\t\t\t\t\t<span class=\"elementor-button-text\">Take action and sign up in just 5 minutes!<\/span>\n\t\t\t\t\t<\/span>\n\t\t\t\t\t<\/a>\n\t\t<\/div>\n\t\t\t\t<\/div>\n\t\t\t\t<\/div>\n\t\t\t\t<div class=\"elementor-element elementor-element-1ff0b2db elementor-invisible elementor-widget elementor-widget-image\" data-id=\"1ff0b2db\" data-element_type=\"widget\" data-settings=\"{&quot;_animation&quot;:&quot;fadeInUp&quot;}\" data-widget_type=\"image.default\">\n\t\t\t\t<div class=\"elementor-widget-container\">\n\t\t\t\t\t\t\t\t\t\t\t\t\t<img fetchpriority=\"high\" decoding=\"async\" width=\"1743\" height=\"856\" src=\"https:\/\/apptruck.fr\/wp-content\/uploads\/2025\/03\/apptruck-3phones.webp\" class=\"attachment-full size-full wp-image-6478\" alt=\"\" srcset=\"https:\/\/apptruck.fr\/wp-content\/uploads\/2025\/03\/apptruck-3phones.webp 1743w, https:\/\/apptruck.fr\/wp-content\/uploads\/2025\/03\/apptruck-3phones-300x147.webp 300w, https:\/\/apptruck.fr\/wp-content\/uploads\/2025\/03\/apptruck-3phones-1024x503.webp 1024w, https:\/\/apptruck.fr\/wp-content\/uploads\/2025\/03\/apptruck-3phones-768x377.webp 768w, https:\/\/apptruck.fr\/wp-content\/uploads\/2025\/03\/apptruck-3phones-1536x754.webp 1536w, https:\/\/apptruck.fr\/wp-content\/uploads\/2025\/03\/apptruck-3phones-18x9.webp 18w\" sizes=\"(max-width: 1743px) 100vw, 1743px\" \/>\t\t\t\t\t\t\t\t\t\t\t\t\t<\/div>\n\t\t\t\t<\/div>\n\t\t\t\t\t<\/div>\n\t\t\t\t<\/div>\n\t\t\t\t\t<\/div>\n\t\t\t\t<\/div>\n\t\t\t\t<\/div>","protected":false},"excerpt":{"rendered":"<p>Fonctionnalit\u00e9s G\u00e9olocalisation La fonctionnalit\u00e9 de g\u00e9olocalisation est con\u00e7ue pour maximiser la visibilit\u00e9 de votre food truck. Gr\u00e2ce \u00e0 cette technologie, vos clients savent toujours o\u00f9 vous \u00eates en temps r\u00e9el. Une fois activ\u00e9e, votre position est automatiquement partag\u00e9e sur l&rsquo;application. Notification push La fonctionnalit\u00e9 de notifications push d&rsquo;Apptruck vous permet de garder vos clients inform\u00e9s [&hellip;]<\/p>","protected":false},"author":1,"featured_media":0,"parent":0,"menu_order":0,"comment_status":"closed","ping_status":"closed","template":"elementor_header_footer","meta":{"footnotes":""},"class_list":["post-6051","page","type-page","status-publish","hentry"],"yoast_head":"<!-- This site is optimized with the Yoast SEO plugin v23.4 - https:\/\/yoast.com\/wordpress\/plugins\/seo\/ -->\n<title>Fonctionnalit\u00e9s - apptruck<\/title>\n<meta name=\"robots\" content=\"index, follow, max-snippet:-1, max-image-preview:large, max-video-preview:-1\" \/>\n<link rel=\"canonical\" href=\"https:\/\/apptruck.fr\/en\/fonctionnalites\/\" \/>\n<meta property=\"og:locale\" content=\"en_US\" \/>\n<meta property=\"og:type\" content=\"article\" \/>\n<meta property=\"og:title\" content=\"Fonctionnalit\u00e9s - apptruck\" \/>\n<meta property=\"og:description\" content=\"Fonctionnalit\u00e9s G\u00e9olocalisation La fonctionnalit\u00e9 de g\u00e9olocalisation est con\u00e7ue pour maximiser la visibilit\u00e9 de votre food truck. Gr\u00e2ce \u00e0 cette technologie, vos clients savent toujours o\u00f9 vous \u00eates en temps r\u00e9el. Une fois activ\u00e9e, votre position est automatiquement partag\u00e9e sur l&rsquo;application. Notification push La fonctionnalit\u00e9 de notifications push d&rsquo;Apptruck vous permet de garder vos clients inform\u00e9s [&hellip;]\" \/>\n<meta property=\"og:url\" content=\"https:\/\/apptruck.fr\/en\/fonctionnalites\/\" \/>\n<meta property=\"og:site_name\" content=\"apptruck\" \/>\n<meta property=\"article:modified_time\" content=\"2025-03-13T18:28:10+00:00\" \/>\n<meta property=\"og:image\" content=\"https:\/\/apptruck.fr\/wp-content\/uploads\/2025\/03\/apptruck-3phones.webp\" \/>\n<meta name=\"twitter:card\" content=\"summary_large_image\" \/>\n<meta name=\"twitter:label1\" content=\"Est. reading time\" \/>\n\t<meta name=\"twitter:data1\" content=\"2 minutes\" \/>\n<script type=\"application\/ld+json\" class=\"yoast-schema-graph\">{\"@context\":\"https:\/\/schema.org\",\"@graph\":[{\"@type\":\"WebPage\",\"@id\":\"https:\/\/apptruck.fr\/fonctionnalites\/\",\"url\":\"https:\/\/apptruck.fr\/fonctionnalites\/\",\"name\":\"Fonctionnalit\u00e9s - apptruck\",\"isPartOf\":{\"@id\":\"https:\/\/apptruck.fr\/#website\"},\"primaryImageOfPage\":{\"@id\":\"https:\/\/apptruck.fr\/fonctionnalites\/#primaryimage\"},\"image\":{\"@id\":\"https:\/\/apptruck.fr\/fonctionnalites\/#primaryimage\"},\"thumbnailUrl\":\"https:\/\/apptruck.fr\/wp-content\/uploads\/2025\/03\/apptruck-3phones.webp\",\"datePublished\":\"2024-08-21T08:24:40+00:00\",\"dateModified\":\"2025-03-13T18:28:10+00:00\",\"breadcrumb\":{\"@id\":\"https:\/\/apptruck.fr\/fonctionnalites\/#breadcrumb\"},\"inLanguage\":\"en-US\",\"potentialAction\":[{\"@type\":\"ReadAction\",\"target\":[\"https:\/\/apptruck.fr\/fonctionnalites\/\"]}]},{\"@type\":\"ImageObject\",\"inLanguage\":\"en-US\",\"@id\":\"https:\/\/apptruck.fr\/fonctionnalites\/#primaryimage\",\"url\":\"https:\/\/apptruck.fr\/wp-content\/uploads\/2025\/03\/apptruck-3phones.webp\",\"contentUrl\":\"https:\/\/apptruck.fr\/wp-content\/uploads\/2025\/03\/apptruck-3phones.webp\"},{\"@type\":\"BreadcrumbList\",\"@id\":\"https:\/\/apptruck.fr\/fonctionnalites\/#breadcrumb\",\"itemListElement\":[{\"@type\":\"ListItem\",\"position\":1,\"name\":\"Home\",\"item\":\"https:\/\/apptruck.fr\/\"},{\"@type\":\"ListItem\",\"position\":2,\"name\":\"Fonctionnalit\u00e9s\"}]},{\"@type\":\"WebSite\",\"@id\":\"https:\/\/apptruck.fr\/#website\",\"url\":\"https:\/\/apptruck.fr\/\",\"name\":\"apptruck\",\"description\":\"\",\"potentialAction\":[{\"@type\":\"SearchAction\",\"target\":{\"@type\":\"EntryPoint\",\"urlTemplate\":\"https:\/\/apptruck.fr\/?s={search_term_string}\"},\"query-input\":{\"@type\":\"PropertyValueSpecification\",\"valueRequired\":true,\"valueName\":\"search_term_string\"}}],\"inLanguage\":\"en-US\"}]}<\/script>\n<!-- \/ Yoast SEO plugin. -->","yoast_head_json":{"title":"Fonctionnalit\u00e9s - apptruck","robots":{"index":"index","follow":"follow","max-snippet":"max-snippet:-1","max-image-preview":"max-image-preview:large","max-video-preview":"max-video-preview:-1"},"canonical":"https:\/\/apptruck.fr\/en\/fonctionnalites\/","og_locale":"en_US","og_type":"article","og_title":"Fonctionnalit\u00e9s - apptruck","og_description":"Fonctionnalit\u00e9s G\u00e9olocalisation La fonctionnalit\u00e9 de g\u00e9olocalisation est con\u00e7ue pour maximiser la visibilit\u00e9 de votre food truck. Gr\u00e2ce \u00e0 cette technologie, vos clients savent toujours o\u00f9 vous \u00eates en temps r\u00e9el. Une fois activ\u00e9e, votre position est automatiquement partag\u00e9e sur l&rsquo;application. Notification push La fonctionnalit\u00e9 de notifications push d&rsquo;Apptruck vous permet de garder vos clients inform\u00e9s [&hellip;]","og_url":"https:\/\/apptruck.fr\/en\/fonctionnalites\/","og_site_name":"apptruck","article_modified_time":"2025-03-13T18:28:10+00:00","og_image":[{"url":"https:\/\/apptruck.fr\/wp-content\/uploads\/2025\/03\/apptruck-3phones.webp"}],"twitter_card":"summary_large_image","twitter_misc":{"Est. reading time":"2 minutes"},"schema":{"@context":"https:\/\/schema.org","@graph":[{"@type":"WebPage","@id":"https:\/\/apptruck.fr\/fonctionnalites\/","url":"https:\/\/apptruck.fr\/fonctionnalites\/","name":"Fonctionnalit\u00e9s - apptruck","isPartOf":{"@id":"https:\/\/apptruck.fr\/#website"},"primaryImageOfPage":{"@id":"https:\/\/apptruck.fr\/fonctionnalites\/#primaryimage"},"image":{"@id":"https:\/\/apptruck.fr\/fonctionnalites\/#primaryimage"},"thumbnailUrl":"https:\/\/apptruck.fr\/wp-content\/uploads\/2025\/03\/apptruck-3phones.webp","datePublished":"2024-08-21T08:24:40+00:00","dateModified":"2025-03-13T18:28:10+00:00","breadcrumb":{"@id":"https:\/\/apptruck.fr\/fonctionnalites\/#breadcrumb"},"inLanguage":"en-US","potentialAction":[{"@type":"ReadAction","target":["https:\/\/apptruck.fr\/fonctionnalites\/"]}]},{"@type":"ImageObject","inLanguage":"en-US","@id":"https:\/\/apptruck.fr\/fonctionnalites\/#primaryimage","url":"https:\/\/apptruck.fr\/wp-content\/uploads\/2025\/03\/apptruck-3phones.webp","contentUrl":"https:\/\/apptruck.fr\/wp-content\/uploads\/2025\/03\/apptruck-3phones.webp"},{"@type":"BreadcrumbList","@id":"https:\/\/apptruck.fr\/fonctionnalites\/#breadcrumb","itemListElement":[{"@type":"ListItem","position":1,"name":"Home","item":"https:\/\/apptruck.fr\/"},{"@type":"ListItem","position":2,"name":"Fonctionnalit\u00e9s"}]},{"@type":"WebSite","@id":"https:\/\/apptruck.fr\/#website","url":"https:\/\/apptruck.fr\/","name":"apptruck","description":"","potentialAction":[{"@type":"SearchAction","target":{"@type":"EntryPoint","urlTemplate":"https:\/\/apptruck.fr\/?s={search_term_string}"},"query-input":{"@type":"PropertyValueSpecification","valueRequired":true,"valueName":"search_term_string"}}],"inLanguage":"en-US"}]}},"_links":{"self":[{"href":"http:\/\/apptruck.fr\/en\/wp-json\/wp\/v2\/pages\/6051","targetHints":{"allow":["GET"]}}],"collection":[{"href":"http:\/\/apptruck.fr\/en\/wp-json\/wp\/v2\/pages"}],"about":[{"href":"http:\/\/apptruck.fr\/en\/wp-json\/wp\/v2\/types\/page"}],"author":[{"embeddable":true,"href":"http:\/\/apptruck.fr\/en\/wp-json\/wp\/v2\/users\/1"}],"replies":[{"embeddable":true,"href":"http:\/\/apptruck.fr\/en\/wp-json\/wp\/v2\/comments?post=6051"}],"version-history":[{"count":45,"href":"http:\/\/apptruck.fr\/en\/wp-json\/wp\/v2\/pages\/6051\/revisions"}],"predecessor-version":[{"id":6481,"href":"http:\/\/apptruck.fr\/en\/wp-json\/wp\/v2\/pages\/6051\/revisions\/6481"}],"wp:attachment":[{"href":"http:\/\/apptruck.fr\/en\/wp-json\/wp\/v2\/media?parent=6051"}],"curies":[{"name":"wp","href":"https:\/\/api.w.org\/{rel}","templated":true}]}}